{"id":2408,"date":"2023-09-08T18:05:20","date_gmt":"2023-09-08T18:05:20","guid":{"rendered":"http:\/\/hannahinternationalschool.com\/?page_id=2408"},"modified":"2024-02-19T21:24:00","modified_gmt":"2024-02-19T21:24:00","slug":"casi-confirmada-plaza","status":"publish","type":"page","link":"https:\/\/hannahinternationalschool.com\/en\/casi-confirmada-plaza\/","title":{"rendered":"Casi confirmada plaza"},"content":{"rendered":"<div data-elementor-type=\"wp-page\" data-elementor-id=\"2408\" class=\"elementor elementor-2408\" data-elementor-post-type=\"page\">\n\t\t\t\t<div class=\"elementor-element elementor-element-1c2c84e e-flex e-con-boxed e-con e-parent\" data-id=\"1c2c84e\" data-element_type=\"container\" data-e-type=\"container\">\n\t\t\t\t\t<div class=\"e-con-inner\">\n\t\t\t\t<div class=\"elementor-element elementor-element-bfe6bfe elementor-widget elementor-widget-heading\" data-id=\"bfe6bfe\" data-element_type=\"widget\" data-e-type=\"widget\" data-widget_type=\"heading.default\">\n\t\t\t\t<div class=\"elementor-widget-container\">\n\t\t\t\t\t<h2 class=\"elementor-heading-title elementor-size-default\">\u00a1ATENCI\u00d3N! \u26a0 \u00a1A\u00daN NO TIENES TU PLAZA!<\/h2>\t\t\t\t<\/div>\n\t\t\t\t<\/div>\n\t\t\t\t<div class=\"elementor-element elementor-element-e205cc8 elementor-widget elementor-widget-heading\" data-id=\"e205cc8\" data-element_type=\"widget\" data-e-type=\"widget\" data-widget_type=\"heading.default\">\n\t\t\t\t<div class=\"elementor-widget-container\">\n\t\t\t\t\t<h2 class=\"elementor-heading-title elementor-size-default\">Todav\u00eda te falta un paso.<\/h2>\t\t\t\t<\/div>\n\t\t\t\t<\/div>\n\t\t\t\t<div class=\"elementor-element elementor-element-1482389 elementor-widget elementor-widget-text-editor\" data-id=\"1482389\" data-element_type=\"widget\" data-e-type=\"widget\" data-widget_type=\"text-editor.default\">\n\t\t\t\t<div class=\"elementor-widget-container\">\n\t\t\t\t\t\t\t\t\t<p><strong>Ve a tu bandeja de entrada y busca el correo que te estoy enviando<\/strong>\u00a0<strong>(y si no est\u00e1 all\u00ed, ve a Spam) y confirma para poder asistir al evento gratuito.<\/strong><\/p><p>Si no lo encuentras, escr\u00edbeme a <a style=\"color: #6a117e; font-weight: bold;\" href=\"mailto:information@hannahinternationalschool.com\">information@hannahinternationalschool.com<\/a><\/p>\t\t\t\t\t\t\t\t<\/div>\n\t\t\t\t<\/div>\n\t\t\t\t\t<\/div>\n\t\t\t\t<\/div>\n\t\t<div class=\"elementor-element elementor-element-e3f935f e-con-full e-flex e-con e-parent\" data-id=\"e3f935f\" data-element_type=\"container\" data-e-type=\"container\">\n\t\t\t\t<div class=\"elementor-element elementor-element-cd5ad9c elementor-widget elementor-widget-template\" data-id=\"cd5ad9c\" data-element_type=\"widget\" data-e-type=\"widget\" data-widget_type=\"template.default\">\n\t\t\t\t<div class=\"elementor-widget-container\">\n\t\t\t\t\t\t\t<div class=\"elementor-template\">\n\t\t\t\t\t<div data-elementor-type=\"footer\" data-elementor-id=\"2368\" class=\"elementor elementor-2368\" data-elementor-post-type=\"elementor_library\">\n\t\t\t<div class=\"elementor-element elementor-element-3eefb7c e-flex e-con-boxed e-con e-parent\" data-id=\"3eefb7c\" data-element_type=\"container\" data-e-type=\"container\" data-settings=\"{&quot;background_background&quot;:&quot;classic&quot;}\">\n\t\t\t\t\t<div class=\"e-con-inner\">\n\t\t\t\t<div class=\"elementor-element elementor-element-8bc1684 elementor-widget elementor-widget-heading\" data-id=\"8bc1684\" data-element_type=\"widget\" data-e-type=\"widget\" data-widget_type=\"heading.default\">\n\t\t\t\t<div class=\"elementor-widget-container\">\n\t\t\t\t\t<h2 class=\"elementor-heading-title elementor-size-default\">\u00a9 2023 Hannah International School. All rights reserved.<\/h2>\t\t\t\t<\/div>\n\t\t\t\t<\/div>\n\t\t\t\t<div class=\"elementor-element elementor-element-5be49a7 elementor-widget elementor-widget-heading\" data-id=\"5be49a7\" data-element_type=\"widget\" data-e-type=\"widget\" data-widget_type=\"heading.default\">\n\t\t\t\t<div class=\"elementor-widget-container\">\n\t\t\t\t\t<h2 class=\"elementor-heading-title elementor-size-default\"><a href='https:\/\/hannahinternationalschool.com\/en\/aviso-legal\/' target=\"\u201d_blank\u201d\">Aviso legal<\/a> | <a href='https:\/\/hannahinternationalschool.com\/en\/politica-de-cookies\/' target=\"\u201d_blank\u201d\">Cookie Policy<\/a> | <a href='https:\/\/hannahinternationalschool.com\/en\/politica-privacidad\/' target=\"\u201d_blank\u201d\">Privacy Policy<\/a> | <a href='https:\/\/hannahinternationalschool.com\/en\/condiciones-generales-de-venta\/' target=\"\u201d_blank\u201d\">Condiciones de venta<\/a><\/h2>\t\t\t\t<\/div>\n\t\t\t\t<\/div>\n\t\t\t\t\t<\/div>\n\t\t\t\t<\/div>\n\t\t\t\t<\/div>\n\t\t\t\t<\/div>\n\t\t\t\t\t\t<\/div>\n\t\t\t\t<\/div>\n\t\t\t\t<\/div>\n\t\t\t\t<\/div>","protected":false},"excerpt":{"rendered":"<p>\u00a1ATENCI\u00d3N! \u26a0 \u00a1A\u00daN NO TIENES TU PLAZA! Todav\u00eda te falta un paso. Ve a tu bandeja de entrada y busca el correo que te estoy enviando\u00a0(y si no est\u00e1 all\u00ed, ve a Spam) y confirma para poder asistir al directo gratuito. Si no lo encuentras, escr\u00edbeme a information@hannahinternationalschool.com<\/p>","protected":false},"author":4,"featured_media":0,"parent":0,"menu_order":0,"comment_status":"closed","ping_status":"closed","template":"elementor_canvas","meta":{"footnotes":""},"class_list":["post-2408","page","type-page","status-publish","hentry"],"_links":{"self":[{"href":"https:\/\/hannahinternationalschool.com\/en\/wp-json\/wp\/v2\/pages\/2408","targetHints":{"allow":["GET"]}}],"collection":[{"href":"https:\/\/hannahinternationalschool.com\/en\/wp-json\/wp\/v2\/pages"}],"about":[{"href":"https:\/\/hannahinternationalschool.com\/en\/wp-json\/wp\/v2\/types\/page"}],"author":[{"embeddable":true,"href":"https:\/\/hannahinternationalschool.com\/en\/wp-json\/wp\/v2\/users\/4"}],"replies":[{"embeddable":true,"href":"https:\/\/hannahinternationalschool.com\/en\/wp-json\/wp\/v2\/comments?post=2408"}],"version-history":[{"count":47,"href":"https:\/\/hannahinternationalschool.com\/en\/wp-json\/wp\/v2\/pages\/2408\/revisions"}],"predecessor-version":[{"id":4272,"href":"https:\/\/hannahinternationalschool.com\/en\/wp-json\/wp\/v2\/pages\/2408\/revisions\/4272"}],"wp:attachment":[{"href":"https:\/\/hannahinternationalschool.com\/en\/wp-json\/wp\/v2\/media?parent=2408"}],"curies":[{"name":"wp","href":"https:\/\/api.w.org\/{rel}","templated":true}]}}