{"id":3288,"date":"2023-10-02T14:30:28","date_gmt":"2023-10-02T14:30:28","guid":{"rendered":"http:\/\/hannahinternationalschool.com\/?page_id=3288"},"modified":"2026-03-26T21:01:18","modified_gmt":"2026-03-26T21:01:18","slug":"formulario-reinnventa","status":"publish","type":"page","link":"https:\/\/hannahinternationalschool.com\/en\/formulario-reinnventa\/","title":{"rendered":"Formulario ReINNventa"},"content":{"rendered":"\t\t<div data-elementor-type=\"wp-page\" data-elementor-id=\"3288\" class=\"elementor elementor-3288\" data-elementor-post-type=\"page\">\n\t\t\t\t<div class=\"elementor-element elementor-element-6a566f0 e-flex e-con-boxed e-con e-parent\" data-id=\"6a566f0\" data-element_type=\"container\" data-e-type=\"container\" id=\"form\" data-settings=\"{&quot;background_background&quot;:&quot;classic&quot;}\">\n\t\t\t\t\t<div class=\"e-con-inner\">\n\t\t\t\t<div class=\"elementor-element elementor-element-837cb6b elementor-widget__width-inherit elementor-widget elementor-widget-heading\" data-id=\"837cb6b\" data-element_type=\"widget\" data-e-type=\"widget\" data-widget_type=\"heading.default\">\n\t\t\t\t<div class=\"elementor-widget-container\">\n\t\t\t\t\t<h2 class=\"elementor-heading-title elementor-size-default\">Solicita aqu\u00ed tu Gu\u00eda ReINNventa<\/h2>\t\t\t\t<\/div>\n\t\t\t\t<\/div>\n\t\t<div class=\"elementor-element elementor-element-2b6694c e-flex e-con-boxed e-con e-child\" data-id=\"2b6694c\" data-element_type=\"container\" data-e-type=\"container\">\n\t\t\t\t\t<div class=\"e-con-inner\">\n\t\t<div class=\"elementor-element elementor-element-1d99248 e-con-full e-flex e-con e-child\" data-id=\"1d99248\" data-element_type=\"container\" data-e-type=\"container\" data-settings=\"{&quot;background_background&quot;:&quot;classic&quot;}\">\n\t\t\t\t<div class=\"elementor-element elementor-element-832b25b elementor-button-align-center elementor-widget elementor-widget-form\" data-id=\"832b25b\" data-element_type=\"widget\" data-e-type=\"widget\" data-settings=\"{&quot;step_next_label&quot;:&quot;Siguiente&quot;,&quot;step_previous_label&quot;:&quot;Anterior&quot;,&quot;button_width&quot;:&quot;100&quot;,&quot;step_type&quot;:&quot;number_text&quot;,&quot;step_icon_shape&quot;:&quot;circle&quot;}\" data-widget_type=\"form.default\">\n\t\t\t\t<div class=\"elementor-widget-container\">\n\t\t\t\t\t\t\t<form class=\"elementor-form\" method=\"post\" id=\"39\" name=\"Nuevo formulario\">\n\t\t\t<input type=\"hidden\" name=\"post_id\" value=\"3288\"\/>\n\t\t\t<input type=\"hidden\" name=\"form_id\" value=\"832b25b\"\/>\n\t\t\t<input type=\"hidden\" name=\"referer_title\" value=\"\" \/>\n\n\t\t\t\n\t\t\t<div class=\"elementor-form-fields-wrapper elementor-labels-\">\n\t\t\t\t\t\t\t\t<div class=\"elementor-field-type-text elementor-field-group elementor-column elementor-field-group-name elementor-col-100 elementor-field-required\">\n\t\t\t\t\t\t\t\t\t\t\t\t<label for=\"form-field-name\" class=\"elementor-field-label elementor-screen-only\">\n\t\t\t\t\t\t\t\tNombre\t\t\t\t\t\t\t<\/label>\n\t\t\t\t\t\t\t\t\t\t\t\t\t\t<input size=\"1\" type=\"text\" name=\"form_fields[name]\" id=\"form-field-name\" class=\"elementor-field elementor-size-md  elementor-field-textual\" placeholder=\"Tu nombre\" required=\"required\" aria-required=\"true\">\n\t\t\t\t\t\t\t\t\t\t\t<\/div>\n\t\t\t\t\t\t\t\t<div class=\"elementor-field-type-email elementor-field-group elementor-column elementor-field-group-email elementor-col-100 elementor-field-required\">\n\t\t\t\t\t\t\t\t\t\t\t\t<label for=\"form-field-email\" class=\"elementor-field-label elementor-screen-only\">\n\t\t\t\t\t\t\t\tEmail\t\t\t\t\t\t\t<\/label>\n\t\t\t\t\t\t\t\t\t\t\t\t\t\t<input size=\"1\" type=\"email\" name=\"form_fields[email]\" id=\"form-field-email\" class=\"elementor-field elementor-size-md  elementor-field-textual\" placeholder=\"Tu mejor email\" required=\"required\" aria-required=\"true\">\n\t\t\t\t\t\t\t\t\t\t\t<\/div>\n\t\t\t\t\t\t\t\t<div class=\"elementor-field-type-tel elementor-field-group elementor-column elementor-field-group-field_46330ec elementor-col-100 elementor-field-required\">\n\t\t\t\t\t\t\t\t\t\t\t\t<label for=\"form-field-field_46330ec\" class=\"elementor-field-label elementor-screen-only\">\n\t\t\t\t\t\t\t\tWhatsapp\t\t\t\t\t\t\t<\/label>\n\t\t\t\t\t\t\t\t<input size=\"1\" type=\"tel\" name=\"form_fields[field_46330ec]\" id=\"form-field-field_46330ec\" class=\"elementor-field elementor-size-md  elementor-field-textual\" placeholder=\"Tu Whatsapp\" required=\"required\" aria-required=\"true\" pattern=\"[0-9()#&amp;+*-=.]+\" title=\"Only numbers and phone characters (#, -, *, etc) are accepted.\">\n\n\t\t\t\t\t\t<\/div>\n\t\t\t\t\t\t\t\t<div class=\"elementor-field-type-acceptance elementor-field-group elementor-column elementor-field-group-field_18b2fe2 elementor-col-100 elementor-field-required\">\n\t\t\t\t\t\t\t\t\t\t\t\t<label for=\"form-field-field_18b2fe2\" class=\"elementor-field-label elementor-screen-only\">\n\t\t\t\t\t\t\t\tPrivacidad\t\t\t\t\t\t\t<\/label>\n\t\t\t\t\t\t\t\t<div class=\"elementor-field-subgroup\">\n\t\t\t<span class=\"elementor-field-option\">\n\t\t\t\t<input type=\"checkbox\" name=\"form_fields[field_18b2fe2]\" id=\"form-field-field_18b2fe2\" class=\"elementor-field elementor-size-md  elementor-acceptance-field\" required=\"required\" aria-required=\"true\">\n\t\t\t\t<label for=\"form-field-field_18b2fe2\"><span style=\"font-size:80% ;\">He le\u00eddo y acepto la <a href='https:\/\/hannahinternationalschool.com\/politica-privacidad\/' target=\u201d_blank\u201d style=\"color:#E31D74;\">pol\u00edtica de privacidad<\/a><\/span><\/label>\t\t\t<\/span>\n\t\t<\/div>\n\t\t\t\t\t\t<\/div>\n\t\t\t\t\t\t\t\t<div class=\"elementor-field-type-acceptance elementor-field-group elementor-column elementor-field-group-field_c9aebe7 elementor-col-100 elementor-field-required\">\n\t\t\t\t\t\t\t\t\t\t\t\t<label for=\"form-field-field_c9aebe7\" class=\"elementor-field-label elementor-screen-only\">\n\t\t\t\t\t\t\t\tComercial\t\t\t\t\t\t\t<\/label>\n\t\t\t\t\t\t\t\t<div class=\"elementor-field-subgroup\">\n\t\t\t<span class=\"elementor-field-option\">\n\t\t\t\t<input type=\"checkbox\" name=\"form_fields[field_c9aebe7]\" id=\"form-field-field_c9aebe7\" class=\"elementor-field elementor-size-md  elementor-acceptance-field\" required=\"required\" aria-required=\"true\">\n\t\t\t\t<label for=\"form-field-field_c9aebe7\"><span style=\"font-size:80% ;\">Acepto recibir comunicaciones comerciales de Hannah IS<\/a><\/span><\/label>\t\t\t<\/span>\n\t\t<\/div>\n\t\t\t\t\t\t<\/div>\n\t\t\t\t\t\t\t\t<div class=\"elementor-field-type-hidden elementor-field-group elementor-column elementor-field-group-afiliado elementor-col-100\">\n\t\t\t\t\t\t\t\t\t\t\t\t\t<input size=\"1\" type=\"hidden\" name=\"form_fields[afiliado]\" id=\"form-field-afiliado\" class=\"elementor-field elementor-size-md  elementor-field-textual\">\n\t\t\t\t\t\t\t\t\t\t\t<\/div>\n\t\t\t\t\t\t\t\t<div class=\"elementor-field-group elementor-column elementor-field-type-submit elementor-col-100 e-form__buttons\">\n\t\t\t\t\t<button type=\"submit\" class=\"elementor-button elementor-size-xl\">\n\t\t\t\t\t\t<span >\n\t\t\t\t\t\t\t\t\t\t\t\t\t\t\t<span class=\" elementor-button-icon\">\n\t\t\t\t\t\t\t\t\t\t\t\t\t\t\t\t\t\t\t\t\t\t\t\t\t\t<\/span>\n\t\t\t\t\t\t\t\t\t\t\t\t\t\t\t\t\t\t\t\t\t\t<span class=\"elementor-button-text\">Solicita aqu\u00ed tu Gu\u00eda<\/span>\n\t\t\t\t\t\t\t\t\t\t\t\t\t<\/span>\n\t\t\t\t\t<\/button>\n\t\t\t\t<\/div>\n\t\t\t<\/div>\n\t\t<\/form>\n\t\t\t\t\t\t<\/div>\n\t\t\t\t<\/div>\n\t\t\t\t<div class=\"elementor-element elementor-element-f76fd93 elementor-widget elementor-widget-html\" data-id=\"f76fd93\" data-element_type=\"widget\" data-e-type=\"widget\" data-widget_type=\"html.default\">\n\t\t\t\t<div class=\"elementor-widget-container\">\n\t\t\t\t\t<script>\r\n  document.addEventListener(\"DOMContentLoaded\", function () {\r\n    const savedWpamId = localStorage.getItem(\"wpam_id\");\r\n\r\n    if (savedWpamId) {\r\n      const hiddenField = document.getElementById(\"form-field-afiliado\");\r\n      if (hiddenField) {\r\n        hiddenField.value = savedWpamId;\r\n      }\r\n    }\r\n  });\r\n<\/script>\r\n\t\t\t\t<\/div>\n\t\t\t\t<\/div>\n\t\t\t\t<\/div>\n\t\t\t\t<div class=\"elementor-element elementor-element-434f8ab elementor-widget__width-initial elementor-widget elementor-widget-heading\" data-id=\"434f8ab\" data-element_type=\"widget\" data-e-type=\"widget\" data-widget_type=\"heading.default\">\n\t\t\t\t<div class=\"elementor-widget-container\">\n\t\t\t\t\t<h2 class=\"elementor-heading-title elementor-size-default\">Te recomiendo que despu\u00e9s agendes una sesi\u00f3n gratuita para empezar tu nuevo camino<\/h2>\t\t\t\t<\/div>\n\t\t\t\t<\/div>\n\t\t\t\t\t<\/div>\n\t\t\t\t<\/div>\n\t\t\t\t\t<\/div>\n\t\t\t\t<\/div>\n\t\t<div class=\"elementor-element elementor-element-bdd3035 e-flex e-con-boxed e-con e-parent\" data-id=\"bdd3035\" data-element_type=\"container\" data-e-type=\"container\" data-settings=\"{&quot;background_background&quot;:&quot;classic&quot;}\">\n\t\t\t\t\t<div class=\"e-con-inner\">\n\t\t<div class=\"elementor-element elementor-element-140967d e-con-full e-flex e-con e-child\" data-id=\"140967d\" data-element_type=\"container\" data-e-type=\"container\" data-settings=\"{&quot;background_background&quot;:&quot;classic&quot;}\">\n\t\t\t\t<div class=\"elementor-element elementor-element-acdf6b0 elementor-widget elementor-widget-image\" data-id=\"acdf6b0\" data-element_type=\"widget\" data-e-type=\"widget\" data-widget_type=\"image.default\">\n\t\t\t\t<div class=\"elementor-widget-container\">\n\t\t\t\t\t\t\t\t\t\t\t\t\t\t\t<img fetchpriority=\"high\" decoding=\"async\" width=\"298\" height=\"285\" src=\"https:\/\/hannahinternationalschool.com\/wp-content\/uploads\/2023\/06\/logoHannah-e1686838704331.png\" class=\"attachment-large size-large wp-image-166\" alt=\"\" \/>\t\t\t\t\t\t\t\t\t\t\t\t\t\t\t<\/div>\n\t\t\t\t<\/div>\n\t\t\t\t<\/div>\n\t\t<div class=\"elementor-element elementor-element-2c8d460 e-con-full e-flex e-con e-child\" data-id=\"2c8d460\" data-element_type=\"container\" data-e-type=\"container\">\n\t\t\t\t<div class=\"elementor-element elementor-element-03a7672 elementor-widget elementor-widget-heading\" data-id=\"03a7672\" data-element_type=\"widget\" data-e-type=\"widget\" data-widget_type=\"heading.default\">\n\t\t\t\t<div class=\"elementor-widget-container\">\n\t\t\t\t\t<h2 class=\"elementor-heading-title elementor-size-default\">Esta informaci\u00f3n es para t\u00ed si:<\/h2>\t\t\t\t<\/div>\n\t\t\t\t<\/div>\n\t\t\t\t<div class=\"elementor-element elementor-element-fe9357a elementor-widget-mobile__width-initial elementor-widget-tablet__width-initial elementor-icon-list--layout-traditional elementor-list-item-link-full_width elementor-widget elementor-widget-icon-list\" data-id=\"fe9357a\" data-element_type=\"widget\" data-e-type=\"widget\" data-widget_type=\"icon-list.default\">\n\t\t\t\t<div class=\"elementor-widget-container\">\n\t\t\t\t\t\t\t<ul class=\"elementor-icon-list-items\">\n\t\t\t\t\t\t\t<li class=\"elementor-icon-list-item\">\n\t\t\t\t\t\t\t\t\t\t\t<span class=\"elementor-icon-list-icon\">\n\t\t\t\t\t\t\t<i aria-hidden=\"true\" class=\"fas fa-angle-right\"><\/i>\t\t\t\t\t\t<\/span>\n\t\t\t\t\t\t\t\t\t\t<span class=\"elementor-icon-list-text\">Est\u00e1s deseando elegir tu horario laboral<\/span>\n\t\t\t\t\t\t\t\t\t<\/li>\n\t\t\t\t\t\t\t\t<li class=\"elementor-icon-list-item\">\n\t\t\t\t\t\t\t\t\t\t\t<span class=\"elementor-icon-list-icon\">\n\t\t\t\t\t\t\t<i aria-hidden=\"true\" class=\"fas fa-angle-right\"><\/i>\t\t\t\t\t\t<\/span>\n\t\t\t\t\t\t\t\t\t\t<span class=\"elementor-icon-list-text\">Quieres informaci\u00f3n sobre c\u00f3mo generar ingresos desde casa<\/span>\n\t\t\t\t\t\t\t\t\t<\/li>\n\t\t\t\t\t\t\t\t<li class=\"elementor-icon-list-item\">\n\t\t\t\t\t\t\t\t\t\t\t<span class=\"elementor-icon-list-icon\">\n\t\t\t\t\t\t\t<i aria-hidden=\"true\" class=\"fas fa-angle-right\"><\/i>\t\t\t\t\t\t<\/span>\n\t\t\t\t\t\t\t\t\t\t<span class=\"elementor-icon-list-text\">Necesitas ayuda para dar el paso de emprender<\/span>\n\t\t\t\t\t\t\t\t\t<\/li>\n\t\t\t\t\t\t\t\t<li class=\"elementor-icon-list-item\">\n\t\t\t\t\t\t\t\t\t\t\t<span class=\"elementor-icon-list-icon\">\n\t\t\t\t\t\t\t<i aria-hidden=\"true\" class=\"fas fa-angle-right\"><\/i>\t\t\t\t\t\t<\/span>\n\t\t\t\t\t\t\t\t\t\t<span class=\"elementor-icon-list-text\">Quieres contar con una persona que ya ha conseguido lo que deseas<\/span>\n\t\t\t\t\t\t\t\t\t<\/li>\n\t\t\t\t\t\t\t\t<li class=\"elementor-icon-list-item\">\n\t\t\t\t\t\t\t\t\t\t\t<span class=\"elementor-icon-list-icon\">\n\t\t\t\t\t\t\t<i aria-hidden=\"true\" class=\"fas fa-angle-right\"><\/i>\t\t\t\t\t\t<\/span>\n\t\t\t\t\t\t\t\t\t\t<span class=\"elementor-icon-list-text\">Sue\u00f1as con trabajar desde cualquier sitio<\/span>\n\t\t\t\t\t\t\t\t\t<\/li>\n\t\t\t\t\t\t<\/ul>\n\t\t\t\t\t\t<\/div>\n\t\t\t\t<\/div>\n\t\t\t\t<\/div>\n\t\t\t\t\t<\/div>\n\t\t\t\t<\/div>\n\t\t<div class=\"elementor-element elementor-element-25f1f02 e-flex e-con-boxed e-con e-parent\" data-id=\"25f1f02\" data-element_type=\"container\" data-e-type=\"container\" data-settings=\"{&quot;background_background&quot;:&quot;classic&quot;}\">\n\t\t\t\t\t<div class=\"e-con-inner\">\n\t\t<div class=\"elementor-element elementor-element-a8660c6 e-con-full e-flex e-con e-child\" data-id=\"a8660c6\" data-element_type=\"container\" data-e-type=\"container\" data-settings=\"{&quot;background_background&quot;:&quot;classic&quot;}\">\n\t\t\t\t<div class=\"elementor-element elementor-element-5337166 elementor-widget elementor-widget-image\" data-id=\"5337166\" data-element_type=\"widget\" data-e-type=\"widget\" data-widget_type=\"image.default\">\n\t\t\t\t<div class=\"elementor-widget-container\">\n\t\t\t\t\t\t\t\t\t\t\t\t\t\t\t<img decoding=\"async\" width=\"768\" height=\"1046\" src=\"https:\/\/hannahinternationalschool.com\/wp-content\/uploads\/2023\/09\/Ana-768x1046.png\" class=\"attachment-medium_large size-medium_large wp-image-2738\" alt=\"\" srcset=\"https:\/\/hannahinternationalschool.com\/wp-content\/uploads\/2023\/09\/Ana-768x1046.png 768w, https:\/\/hannahinternationalschool.com\/wp-content\/uploads\/2023\/09\/Ana-220x300.png 220w, https:\/\/hannahinternationalschool.com\/wp-content\/uploads\/2023\/09\/Ana-752x1024.png 752w, https:\/\/hannahinternationalschool.com\/wp-content\/uploads\/2023\/09\/Ana-1127x1536.png 1127w, https:\/\/hannahinternationalschool.com\/wp-content\/uploads\/2023\/09\/Ana-600x817.png 600w, https:\/\/hannahinternationalschool.com\/wp-content\/uploads\/2023\/09\/Ana.png 1402w\" sizes=\"(max-width: 768px) 100vw, 768px\" \/>\t\t\t\t\t\t\t\t\t\t\t\t\t\t\t<\/div>\n\t\t\t\t<\/div>\n\t\t\t\t<\/div>\n\t\t<div class=\"elementor-element elementor-element-a138c53 e-con-full e-flex e-con e-child\" data-id=\"a138c53\" data-element_type=\"container\" data-e-type=\"container\">\n\t\t\t\t<div class=\"elementor-element elementor-element-d29d8bc elementor-widget elementor-widget-heading\" data-id=\"d29d8bc\" data-element_type=\"widget\" data-e-type=\"widget\" data-widget_type=\"heading.default\">\n\t\t\t\t<div class=\"elementor-widget-container\">\n\t\t\t\t\t<h2 class=\"elementor-heading-title elementor-size-default\">\u00bfQui\u00e9n ha realizado esta Gu\u00eda?<\/h2>\t\t\t\t<\/div>\n\t\t\t\t<\/div>\n\t\t\t\t<div class=\"elementor-element elementor-element-bbbec19 elementor-widget-tablet__width-initial elementor-widget elementor-widget-text-editor\" data-id=\"bbbec19\" data-element_type=\"widget\" data-e-type=\"widget\" data-widget_type=\"text-editor.default\">\n\t\t\t\t<div class=\"elementor-widget-container\">\n\t\t\t\t\t\t\t\t\t<p><span style=\"color: #6a117e; font-size: 200%; font-weight: 800;\">Me llamo Ana.<\/span><\/p><p>Tengo 40 a\u00f1os y soy mam\u00e1 de dos peques.<\/p><p><strong>Estudi\u00e9 Magisterio de Educaci\u00f3n Especial<\/strong> y me fui a vivir a Z\u00fcrich. Despu\u00e9s de dos a\u00f1os trabajando en una guarder\u00eda all\u00ed, acab\u00e9 en Madrid. Tres a\u00f1os, tres coles, tres barrios, tres vidas. All\u00ed vi necesario estudiar <strong>Magisterio de Ingl\u00e9s y el C1.<\/strong> Despu\u00e9s volv\u00ed a mi tierra y trabaj\u00e9 durante 10 a\u00f1os en un colegio concertado en varios puestos y cargos.<\/p><p>En ese periodo estudi\u00e9 el <strong>Grado de Primaria con menci\u00f3n en m\u00fasica, el M\u00e1ster en Direcci\u00f3n y Gesti\u00f3n de Centros Educativos y otro M\u00e1ster en Coaching Educativo.<\/strong> Tambi\u00e9n empec\u00e9 mi <strong>Doctorado relacionado con la Educaci\u00f3n Emocional<\/strong>, pero me qued\u00e9 embarazada y mi energ\u00eda no daba para tanto, as\u00ed que lo tengo aparcado para cuando mis hijos crezcan y pueda retomarlo.<\/p><p>En 2020, con todo lo que ocurri\u00f3, sumado a mi reci\u00e9n maternidad, me di cuenta que llevaba intentando cambiar el sistema educativo durante toda mi carrera y segu\u00eda exactamente igual.<\/p>\t\t\t\t\t\t\t\t<\/div>\n\t\t\t\t<\/div>\n\t\t\t\t<\/div>\n\t\t\t\t<div class=\"elementor-element elementor-element-7d047c2 elementor-widget-tablet__width-initial elementor-widget elementor-widget-text-editor\" data-id=\"7d047c2\" data-element_type=\"widget\" data-e-type=\"widget\" data-widget_type=\"text-editor.default\">\n\t\t\t\t<div class=\"elementor-widget-container\">\n\t\t\t\t\t\t\t\t\t<p>Acudieron a m\u00ed familias que quer\u00edan que les ayudara a crear planes educativos y as\u00ed empez\u00f3 mi contacto con la educaci\u00f3n fuera del sistema. Poco a poco empec\u00e9 a formarme e informarme <strong>y me enamor\u00e9 del aprendizaje autodirigido.<\/strong> Adem\u00e1s, como madre, ve\u00eda y sigo viendo, como mis hijos aprenden solos, \u00fanicamente necesitan que se les escuche con el coraz\u00f3n y los ojos para darles aquello que van pidiendo.<\/p><p>Ahora trabajo en dos universidades online y <strong>he fundado un colegio para acompa\u00f1ar a las familias que desean educar de forma personalizada y fuera del sistema educativo.<\/strong><\/p><p>Tambi\u00e9n me dedico a\u00a0<b>ayudar a familias a reinventarse profesionalmente\u00a0<\/b>para generar ingresos desde casa o desde donde quieran. Un sue\u00f1o que alcanc\u00e9 yo y que me satisface plenamente ver c\u00f3mo otras familias lo logran.<\/p><div data-id=\"961c963\" data-element_type=\"widget\" data-widget_type=\"icon.default\"><div><div>\u00a0<\/div><\/div><\/div>\t\t\t\t\t\t\t\t<\/div>\n\t\t\t\t<\/div>\n\t\t\t\t<div class=\"elementor-element elementor-element-c660f96 elementor-align-center elementor-widget__width-inherit elementor-widget elementor-widget-button\" data-id=\"c660f96\" data-element_type=\"widget\" data-e-type=\"widget\" data-widget_type=\"button.default\">\n\t\t\t\t<div class=\"elementor-widget-container\">\n\t\t\t\t\t\t\t\t\t<div class=\"elementor-button-wrapper\">\n\t\t\t\t\t<a class=\"elementor-button elementor-button-link elementor-size-xl\" href=\"#form\">\n\t\t\t\t\t\t<span class=\"elementor-button-content-wrapper\">\n\t\t\t\t\t\t\t\t\t<span class=\"elementor-button-text\">Haz clic aqu\u00ed y descarga tu Gu\u00eda<\/span>\n\t\t\t\t\t<\/span>\n\t\t\t\t\t<\/a>\n\t\t\t\t<\/div>\n\t\t\t\t\t\t\t\t<\/div>\n\t\t\t\t<\/div>\n\t\t\t\t\t<\/div>\n\t\t\t\t<\/div>\n\t\t<div class=\"elementor-element elementor-element-9513cc9 e-flex e-con-boxed e-con e-parent\" data-id=\"9513cc9\" data-element_type=\"container\" data-e-type=\"container\">\n\t\t\t\t\t<div class=\"e-con-inner\">\n\t\t\t\t<div class=\"elementor-element elementor-element-5aacff5 elementor-widget-divider--view-line_icon elementor-view-default elementor-widget-divider--element-align-center elementor-widget elementor-widget-divider\" data-id=\"5aacff5\" data-element_type=\"widget\" data-e-type=\"widget\" data-widget_type=\"divider.default\">\n\t\t\t\t<div class=\"elementor-widget-container\">\n\t\t\t\t\t\t\t<div class=\"elementor-divider\">\n\t\t\t<span class=\"elementor-divider-separator\">\n\t\t\t\t\t\t\t<div class=\"elementor-icon elementor-divider__element\">\n\t\t\t\t\t<i aria-hidden=\"true\" class=\"fas fa-chevron-down\"><\/i><\/div>\n\t\t\t\t\t\t<\/span>\n\t\t<\/div>\n\t\t\t\t\t\t<\/div>\n\t\t\t\t<\/div>\n\t\t\t\t\t<\/div>\n\t\t\t\t<\/div>\n\t\t<div class=\"elementor-element elementor-element-cc81be1 e-con-full e-flex e-con e-parent\" data-id=\"cc81be1\" data-element_type=\"container\" data-e-type=\"container\">\n\t\t\t\t<div class=\"elementor-element elementor-element-568be57 elementor-widget elementor-widget-template\" data-id=\"568be57\" data-element_type=\"widget\" data-e-type=\"widget\" data-widget_type=\"template.default\">\n\t\t\t\t<div class=\"elementor-widget-container\">\n\t\t\t\t\t\t\t<div class=\"elementor-template\">\n\t\t\t\t\t<div data-elementor-type=\"footer\" data-elementor-id=\"2368\" class=\"elementor elementor-2368\" data-elementor-post-type=\"elementor_library\">\n\t\t\t<div class=\"elementor-element elementor-element-3eefb7c e-flex e-con-boxed e-con e-parent\" data-id=\"3eefb7c\" data-element_type=\"container\" data-e-type=\"container\" data-settings=\"{&quot;background_background&quot;:&quot;classic&quot;}\">\n\t\t\t\t\t<div class=\"e-con-inner\">\n\t\t\t\t<div class=\"elementor-element elementor-element-8bc1684 elementor-widget elementor-widget-heading\" data-id=\"8bc1684\" data-element_type=\"widget\" data-e-type=\"widget\" data-widget_type=\"heading.default\">\n\t\t\t\t<div class=\"elementor-widget-container\">\n\t\t\t\t\t<h2 class=\"elementor-heading-title elementor-size-default\">\u00a9 2023 Hannah International School. Todos los derechos reservados.<\/h2>\t\t\t\t<\/div>\n\t\t\t\t<\/div>\n\t\t\t\t<div class=\"elementor-element elementor-element-5be49a7 elementor-widget elementor-widget-heading\" data-id=\"5be49a7\" data-element_type=\"widget\" data-e-type=\"widget\" data-widget_type=\"heading.default\">\n\t\t\t\t<div class=\"elementor-widget-container\">\n\t\t\t\t\t<h2 class=\"elementor-heading-title elementor-size-default\"><a href='https:\/\/hannahinternationalschool.com\/aviso-legal\/' target=\"\u201d_blank\u201d\">Aviso legal<\/a> | <a href='https:\/\/hannahinternationalschool.com\/politica-de-cookies\/' target=\"\u201d_blank\u201d\">Pol\u00edtica de Cookies<\/a> | <a href='https:\/\/hannahinternationalschool.com\/politica-privacidad\/' target=\"\u201d_blank\u201d\">Pol\u00edtica de privacidad<\/a> | <a href='https:\/\/hannahinternationalschool.com\/condiciones-generales-de-venta\/' target=\"\u201d_blank\u201d\">Condiciones de venta<\/a><\/h2>\t\t\t\t<\/div>\n\t\t\t\t<\/div>\n\t\t\t\t\t<\/div>\n\t\t\t\t<\/div>\n\t\t\t\t<\/div>\n\t\t\t\t<\/div>\n\t\t\t\t\t\t<\/div>\n\t\t\t\t<\/div>\n\t\t\t\t<\/div>\n\t\t\t\t<\/div>\n\t\t","protected":false},"excerpt":{"rendered":"<p>Solicita aqu\u00ed tu Gu\u00eda ReINNventa Te recomiendo que despu\u00e9s agendes una sesi\u00f3n gratuita para empezar tu nuevo camino Esta informaci\u00f3n es para t\u00ed si: Est\u00e1s deseando elegir tu horario laboral Quieres informaci\u00f3n sobre c\u00f3mo generar ingresos desde casa Necesitas ayuda para dar el paso de emprender Quieres contar con una persona que ya ha conseguido [&hellip;]<\/p>\n","protected":false},"author":2,"featured_media":0,"parent":0,"menu_order":0,"comment_status":"closed","ping_status":"closed","template":"elementor_canvas","meta":{"footnotes":""},"class_list":["post-3288","page","type-page","status-publish","hentry"],"_links":{"self":[{"href":"https:\/\/hannahinternationalschool.com\/en\/wp-json\/wp\/v2\/pages\/3288","targetHints":{"allow":["GET"]}}],"collection":[{"href":"https:\/\/hannahinternationalschool.com\/en\/wp-json\/wp\/v2\/pages"}],"about":[{"href":"https:\/\/hannahinternationalschool.com\/en\/wp-json\/wp\/v2\/types\/page"}],"author":[{"embeddable":true,"href":"https:\/\/hannahinternationalschool.com\/en\/wp-json\/wp\/v2\/users\/2"}],"replies":[{"embeddable":true,"href":"https:\/\/hannahinternationalschool.com\/en\/wp-json\/wp\/v2\/comments?post=3288"}],"version-history":[{"count":84,"href":"https:\/\/hannahinternationalschool.com\/en\/wp-json\/wp\/v2\/pages\/3288\/revisions"}],"predecessor-version":[{"id":5718,"href":"https:\/\/hannahinternationalschool.com\/en\/wp-json\/wp\/v2\/pages\/3288\/revisions\/5718"}],"wp:attachment":[{"href":"https:\/\/hannahinternationalschool.com\/en\/wp-json\/wp\/v2\/media?parent=3288"}],"curies":[{"name":"wp","href":"https:\/\/api.w.org\/{rel}","templated":true}]}}