{"id":1866,"date":"2023-08-29T16:52:21","date_gmt":"2023-08-29T16:52:21","guid":{"rendered":"http:\/\/hannahinternationalschool.com\/product\/mochila\/"},"modified":"2024-06-25T13:03:38","modified_gmt":"2024-06-25T13:03:38","slug":"mochila","status":"publish","type":"product","link":"https:\/\/hannahinternationalschool.com\/en\/mochila\/","title":{"rendered":"Mochila"},"content":{"rendered":"<p>Si eres de los que no pueden salir de casa sin llevar consigo pr\u00e1cticamente todas sus pertenencias, esta mochila es para ti. Tiene un amplio compartimento principal (con un espacio reservado para tu port\u00e1til) y un peque\u00f1o bolsillo secreto para mantener a salvo tus imprescindibles.<\/p>\n<p>\u2022 100% poli\u00e9ster<br \/>\n\u2022 Peso del tejido: 325 g\/m\u00b2 (9,56 oz\/yd\u00b2), el peso podr\u00eda variar en un 5%<br \/>\n\u2022 Dimensiones: H 16.1&#8243; (41cm), W 12.2&#8243; (31cm), D 5.5&#8243; (14cm)<br \/>\n\u2022 Capacidad: 5.3 galones (20l)<br \/>\n\u2022 Peso m\u00e1ximo: 44lbs (20kg)<br \/>\n\u2022 Material resistente al agua<br \/>\n\u2022 Bolsillo amplio con compartimento interior para un port\u00e1til de 15 pulgadas. Incluye un bolsillo secreto interior con cremallera en la parte trasera de la mochila<br \/>\n\u2022 La cremallera superior tiene 2 cursores<br \/>\n\u2022 Revestimiento sedoso y espalda de malla suave<br \/>\n\u2022 Asas ergon\u00f3micas con relleno, hechas de poli\u00e9ster con reguladores de pl\u00e1stico<br \/>\n\u2022 Producto base procedente de China<\/p>","protected":false},"excerpt":{"rendered":"<p>Si eres de los que no pueden salir de casa sin llevar consigo pr\u00e1cticamente todas sus pertenencias, esta mochila es para ti. Tiene un amplio compartimento principal (con un espacio reservado para tu port\u00e1til) y un peque\u00f1o bolsillo secreto para mantener a salvo tus imprescindibles. \u2022 100% poli\u00e9ster \u2022 Peso del tejido: 325 g\/m\u00b2 (9,56 [&hellip;]<\/p>\n","protected":false},"featured_media":1867,"comment_status":"open","ping_status":"closed","template":"","meta":[],"product_brand":[],"product_cat":[89],"product_tag":[],"class_list":{"0":"post-1866","1":"product","2":"type-product","3":"status-publish","4":"has-post-thumbnail","6":"product_cat-textil","8":"first","9":"instock","10":"shipping-taxable","11":"purchasable","12":"product-type-simple"},"_links":{"self":[{"href":"https:\/\/hannahinternationalschool.com\/en\/wp-json\/wp\/v2\/product\/1866","targetHints":{"allow":["GET"]}}],"collection":[{"href":"https:\/\/hannahinternationalschool.com\/en\/wp-json\/wp\/v2\/product"}],"about":[{"href":"https:\/\/hannahinternationalschool.com\/en\/wp-json\/wp\/v2\/types\/product"}],"replies":[{"embeddable":true,"href":"https:\/\/hannahinternationalschool.com\/en\/wp-json\/wp\/v2\/comments?post=1866"}],"wp:featuredmedia":[{"embeddable":true,"href":"https:\/\/hannahinternationalschool.com\/en\/wp-json\/wp\/v2\/media\/1867"}],"wp:attachment":[{"href":"https:\/\/hannahinternationalschool.com\/en\/wp-json\/wp\/v2\/media?parent=1866"}],"wp:term":[{"taxonomy":"product_brand","embeddable":true,"href":"https:\/\/hannahinternationalschool.com\/en\/wp-json\/wp\/v2\/product_brand?post=1866"},{"taxonomy":"product_cat","embeddable":true,"href":"https:\/\/hannahinternationalschool.com\/en\/wp-json\/wp\/v2\/product_cat?post=1866"},{"taxonomy":"product_tag","embeddable":true,"href":"https:\/\/hannahinternationalschool.com\/en\/wp-json\/wp\/v2\/product_tag?post=1866"}],"curies":[{"name":"wp","href":"https:\/\/api.w.org\/{rel}","templated":true}]}}