{"id":1884,"date":"2023-08-30T06:36:55","date_gmt":"2023-08-30T06:36:55","guid":{"rendered":"http:\/\/hannahinternationalschool.com\/product\/bandana\/"},"modified":"2024-06-25T13:03:36","modified_gmt":"2024-06-25T13:03:36","slug":"bandana","status":"publish","type":"product","link":"https:\/\/hannahinternationalschool.com\/en\/bandana\/","title":{"rendered":"Bandana"},"content":{"rendered":"<p>Prep\u00e1rate para llevar una prenda \u00fanica con esta bandana all over. Combina tus outfits utiliz\u00e1ndola como diadema, collar o brazalete. De hecho, \u00bfpor qu\u00e9 no te haces con una segunda bandana para ir a conjunto con tu mascota? \u00a1Listos para derrochar estilo!<\/p>\n<p>\u2022 65% poli\u00e9ster reciclado y 35% poli\u00e9ster<br \/>\n\u2022 Peso del tejido: 100 g\/m\u00b2 (2,95 oz\/yd\u00b2)<br \/>\n\u2022 Tejido transpirable y que absorbe la humedad<br \/>\n\u2022 Ligero y suave al tacto<br \/>\n\u2022 Costuras con dobladillo doble<br \/>\n\u2022 Impresi\u00f3n por un solo lado<br \/>\n\u2022 Multifuncional<br \/>\n\u2022 Protecci\u00f3n FPU 50+<br \/>\n\u2022 Tejido certificado con el est\u00e1ndar OEKO-TEX 100 y Global Recycled Standard (GRS)<br \/>\n\u2022 Componentes del producto base procedentes de China<\/p>\n<p>Informaci\u00f3n importante sobre tallas: el tama\u00f1o m\u00e1s peque\u00f1o de bandana es para mascotas peque\u00f1as y no se ajusta a un animal adulto. Por favor, elige el tama\u00f1o medio o grande si est\u00e1s pidiendo una bandana para un adulto.<\/p>","protected":false},"excerpt":{"rendered":"<p>Prep\u00e1rate para llevar una prenda \u00fanica con esta bandana all over. Combina tus outfits utiliz\u00e1ndola como diadema, collar o brazalete. De hecho, \u00bfpor qu\u00e9 no te haces con una segunda bandana para ir a conjunto con tu mascota? \u00a1Listos para derrochar estilo! \u2022 65% poli\u00e9ster reciclado y 35% poli\u00e9ster \u2022 Peso del tejido: 100 g\/m\u00b2 [&hellip;]<\/p>\n","protected":false},"featured_media":1888,"comment_status":"open","ping_status":"closed","template":"","meta":[],"product_brand":[],"product_cat":[89],"product_tag":[],"class_list":{"0":"post-1884","1":"product","2":"type-product","3":"status-publish","4":"has-post-thumbnail","6":"product_cat-textil","8":"first","9":"instock","10":"shipping-taxable","11":"purchasable","12":"product-type-variable"},"_links":{"self":[{"href":"https:\/\/hannahinternationalschool.com\/en\/wp-json\/wp\/v2\/product\/1884","targetHints":{"allow":["GET"]}}],"collection":[{"href":"https:\/\/hannahinternationalschool.com\/en\/wp-json\/wp\/v2\/product"}],"about":[{"href":"https:\/\/hannahinternationalschool.com\/en\/wp-json\/wp\/v2\/types\/product"}],"replies":[{"embeddable":true,"href":"https:\/\/hannahinternationalschool.com\/en\/wp-json\/wp\/v2\/comments?post=1884"}],"wp:featuredmedia":[{"embeddable":true,"href":"https:\/\/hannahinternationalschool.com\/en\/wp-json\/wp\/v2\/media\/1888"}],"wp:attachment":[{"href":"https:\/\/hannahinternationalschool.com\/en\/wp-json\/wp\/v2\/media?parent=1884"}],"wp:term":[{"taxonomy":"product_brand","embeddable":true,"href":"https:\/\/hannahinternationalschool.com\/en\/wp-json\/wp\/v2\/product_brand?post=1884"},{"taxonomy":"product_cat","embeddable":true,"href":"https:\/\/hannahinternationalschool.com\/en\/wp-json\/wp\/v2\/product_cat?post=1884"},{"taxonomy":"product_tag","embeddable":true,"href":"https:\/\/hannahinternationalschool.com\/en\/wp-json\/wp\/v2\/product_tag?post=1884"}],"curies":[{"name":"wp","href":"https:\/\/api.w.org\/{rel}","templated":true}]}}