{"id":1896,"date":"2023-08-31T09:24:37","date_gmt":"2023-08-31T09:24:37","guid":{"rendered":"http:\/\/hannahinternationalschool.com\/product\/sudadera-con-capucha-unisex\/"},"modified":"2024-06-25T13:03:36","modified_gmt":"2024-06-25T13:03:36","slug":"sudadera-con-capucha-unisex","status":"publish","type":"product","link":"https:\/\/hannahinternationalschool.com\/en\/sudadera-con-capucha-unisex\/","title":{"rendered":"Sudadera con capucha unisex"},"content":{"rendered":"<p>Qui\u00e9n te iba a decir que una sudadera con un dise\u00f1o tan incre\u00edble pudiera ser tan suave. No te arrepentir\u00e1s de comprar esta pieza de streetwear \u00fanica con un conveniente bolsillo frontal y una capucha calentita para protegerte en las tardes m\u00e1s fr\u00edas.<\/p>\n<p>\u2022 Exterior 100% algod\u00f3n<br \/>\n\u2022 65% algod\u00f3n hilado en anillos, 35% poli\u00e9ster<br \/>\n\u2022 Bolsillo frontal<br \/>\n\u2022 Cord\u00f3n plano a juego<br \/>\n\u2022 Capucha de 3 paneles<br \/>\n\u2022 Producto base procedente de Pakist\u00e1n<\/p>","protected":false},"excerpt":{"rendered":"<p>Qui\u00e9n te iba a decir que una sudadera con un dise\u00f1o tan incre\u00edble pudiera ser tan suave. No te arrepentir\u00e1s de comprar esta pieza de streetwear \u00fanica con un conveniente bolsillo frontal y una capucha calentita para protegerte en las tardes m\u00e1s fr\u00edas. \u2022 Exterior 100% algod\u00f3n \u2022 65% algod\u00f3n hilado en anillos, 35% poli\u00e9ster [&hellip;]<\/p>\n","protected":false},"featured_media":1905,"comment_status":"open","ping_status":"closed","template":"","meta":[],"product_brand":[],"product_cat":[89],"product_tag":[],"class_list":{"0":"post-1896","1":"product","2":"type-product","3":"status-publish","4":"has-post-thumbnail","6":"product_cat-textil","8":"first","9":"instock","10":"shipping-taxable","11":"purchasable","12":"product-type-variable"},"_links":{"self":[{"href":"https:\/\/hannahinternationalschool.com\/en\/wp-json\/wp\/v2\/product\/1896","targetHints":{"allow":["GET"]}}],"collection":[{"href":"https:\/\/hannahinternationalschool.com\/en\/wp-json\/wp\/v2\/product"}],"about":[{"href":"https:\/\/hannahinternationalschool.com\/en\/wp-json\/wp\/v2\/types\/product"}],"replies":[{"embeddable":true,"href":"https:\/\/hannahinternationalschool.com\/en\/wp-json\/wp\/v2\/comments?post=1896"}],"wp:featuredmedia":[{"embeddable":true,"href":"https:\/\/hannahinternationalschool.com\/en\/wp-json\/wp\/v2\/media\/1905"}],"wp:attachment":[{"href":"https:\/\/hannahinternationalschool.com\/en\/wp-json\/wp\/v2\/media?parent=1896"}],"wp:term":[{"taxonomy":"product_brand","embeddable":true,"href":"https:\/\/hannahinternationalschool.com\/en\/wp-json\/wp\/v2\/product_brand?post=1896"},{"taxonomy":"product_cat","embeddable":true,"href":"https:\/\/hannahinternationalschool.com\/en\/wp-json\/wp\/v2\/product_cat?post=1896"},{"taxonomy":"product_tag","embeddable":true,"href":"https:\/\/hannahinternationalschool.com\/en\/wp-json\/wp\/v2\/product_tag?post=1896"}],"curies":[{"name":"wp","href":"https:\/\/api.w.org\/{rel}","templated":true}]}}