{"id":1910,"date":"2023-08-31T09:30:03","date_gmt":"2023-08-31T09:30:03","guid":{"rendered":"http:\/\/hannahinternationalschool.com\/product\/camiseta-super-peques\/"},"modified":"2024-06-25T13:03:35","modified_gmt":"2024-06-25T13:03:35","slug":"camiseta-super-peques","status":"publish","type":"product","link":"https:\/\/hannahinternationalschool.com\/en\/camiseta-super-peques\/","title":{"rendered":"Camiseta s\u00faper peques"},"content":{"rendered":"<p>Crea una camiseta para ni\u00f1os que lo tiene todo: un dise\u00f1o colorido, el ajuste perfecto para salir a jugar y un tacto suave. La camiseta infantil perfecta.<\/p>\n<p>\u2022 95% poli\u00e9ster, 5% elastano (la composici\u00f3n textil puede variar en un 1%)<br \/>\n\u2022 Peso del tejido: 210 g\/m\u00b2 (6.19 oz\/yd\u00b2), el peso podr\u00eda variar en un 5%<br \/>\n\u2022 Tejido el\u00e1stico<br \/>\n\u2022 Ajuste c\u00f3modo<br \/>\n\u2022 Cuello rendonde<br \/>\n\u2022 Componentes del producto base en EEUU y M\u00e9xico procedentes de EEUU<br \/>\n\u2022 Componentes del producto base en la UE procedentes de Lituania<\/p>","protected":false},"excerpt":{"rendered":"<p>Crea una camiseta para ni\u00f1os que lo tiene todo: un dise\u00f1o colorido, el ajuste perfecto para salir a jugar y un tacto suave. La camiseta infantil perfecta. \u2022 95% poli\u00e9ster, 5% elastano (la composici\u00f3n textil puede variar en un 1%) \u2022 Peso del tejido: 210 g\/m\u00b2 (6.19 oz\/yd\u00b2), el peso podr\u00eda variar en un 5% [&hellip;]<\/p>\n","protected":false},"featured_media":1920,"comment_status":"open","ping_status":"closed","template":"","meta":[],"product_brand":[],"product_cat":[89],"product_tag":[],"class_list":{"0":"post-1910","1":"product","2":"type-product","3":"status-publish","4":"has-post-thumbnail","6":"product_cat-textil","8":"first","9":"instock","10":"shipping-taxable","11":"purchasable","12":"product-type-variable"},"_links":{"self":[{"href":"https:\/\/hannahinternationalschool.com\/en\/wp-json\/wp\/v2\/product\/1910","targetHints":{"allow":["GET"]}}],"collection":[{"href":"https:\/\/hannahinternationalschool.com\/en\/wp-json\/wp\/v2\/product"}],"about":[{"href":"https:\/\/hannahinternationalschool.com\/en\/wp-json\/wp\/v2\/types\/product"}],"replies":[{"embeddable":true,"href":"https:\/\/hannahinternationalschool.com\/en\/wp-json\/wp\/v2\/comments?post=1910"}],"wp:featuredmedia":[{"embeddable":true,"href":"https:\/\/hannahinternationalschool.com\/en\/wp-json\/wp\/v2\/media\/1920"}],"wp:attachment":[{"href":"https:\/\/hannahinternationalschool.com\/en\/wp-json\/wp\/v2\/media?parent=1910"}],"wp:term":[{"taxonomy":"product_brand","embeddable":true,"href":"https:\/\/hannahinternationalschool.com\/en\/wp-json\/wp\/v2\/product_brand?post=1910"},{"taxonomy":"product_cat","embeddable":true,"href":"https:\/\/hannahinternationalschool.com\/en\/wp-json\/wp\/v2\/product_cat?post=1910"},{"taxonomy":"product_tag","embeddable":true,"href":"https:\/\/hannahinternationalschool.com\/en\/wp-json\/wp\/v2\/product_tag?post=1910"}],"curies":[{"name":"wp","href":"https:\/\/api.w.org\/{rel}","templated":true}]}}