{"id":3177,"date":"2023-09-17T13:22:13","date_gmt":"2023-09-17T13:22:13","guid":{"rendered":"http:\/\/hannahinternationalschool.com\/product\/mochila-con-bolsillo-exterior-2\/"},"modified":"2024-06-25T14:35:13","modified_gmt":"2024-06-25T14:35:13","slug":"mochila-con-bolsillo-exterior-2","status":"publish","type":"product","link":"https:\/\/hannahinternationalschool.com\/en\/mochila-con-bolsillo-exterior-2\/","title":{"rendered":"Mochila con bolsillo exterior"},"content":{"rendered":"<p>Esta mochila de tama\u00f1o mediano es justo lo que necesitas para tu d\u00eda a d\u00eda o para actividades deportivas. Los bolsillos (incluyendo uno para el port\u00e1til) son lo suficientemente espaciosos para que puedas guardar tus pertenencias. Adem\u00e1s el material impermeable las proteger\u00e1 de las inclemencias meteorol\u00f3gicas.<\/p>\n<p>\u2022 100% poli\u00e9ster<br \/>\n\u2022 Dimensiones: Alto 42 cm (16\u215e\u00bb), Ancho 31 cm (12\u00bc\u00bb), Largo 10 cm (3\u215e\u00bb)<br \/>\n\u2022 Peso del tejido: 325 g\/m\u00b2 (9,56 oz\/yd\u00b2), el peso podr\u00eda variar en un 5%<br \/>\n\u2022 L\u00edmite m\u00e1ximo de peso: 20 kg (44 lbs)<br \/>\n\u2022 Material impermeable<br \/>\n\u2022 Compartimento interior espacioso con bolsillo separado para port\u00e1tiles de 15\u201d, bolsillo frontal con cremallera y bolsillo oculto con cremallera en la parte posterior de la mochila<br \/>\n\u2022 La cremallera superior tiene 2 cursores y estos cuentan con un tirador cada uno<br \/>\n\u2022 Forro interior suave, dobladillos interiores ribeteados y parte posterior de malla suave<br \/>\n\u2022 Asas ergon\u00f3micas acolchadas de poli\u00e9ster con reguladores de pl\u00e1stico<br \/>\n\u2022 Producto base procedente de China<\/p>","protected":false},"excerpt":{"rendered":"<p>Esta mochila de tama\u00f1o mediano es justo lo que necesitas para tu d\u00eda a d\u00eda o para actividades deportivas. Los bolsillos (incluyendo uno para el port\u00e1til) son lo suficientemente espaciosos para que puedas guardar tus pertenencias. Adem\u00e1s el material impermeable las proteger\u00e1 de las inclemencias meteorol\u00f3gicas. \u2022 100% poli\u00e9ster \u2022 Dimensiones: Alto 42 cm (16\u215e\u00bb), [&hellip;]<\/p>\n","protected":false},"featured_media":3178,"comment_status":"open","ping_status":"closed","template":"","meta":[],"product_brand":[],"product_cat":[89],"product_tag":[],"class_list":{"0":"post-3177","1":"product","2":"type-product","3":"status-publish","4":"has-post-thumbnail","6":"product_cat-textil","8":"first","9":"instock","10":"shipping-taxable","11":"purchasable","12":"product-type-simple"},"_links":{"self":[{"href":"https:\/\/hannahinternationalschool.com\/en\/wp-json\/wp\/v2\/product\/3177","targetHints":{"allow":["GET"]}}],"collection":[{"href":"https:\/\/hannahinternationalschool.com\/en\/wp-json\/wp\/v2\/product"}],"about":[{"href":"https:\/\/hannahinternationalschool.com\/en\/wp-json\/wp\/v2\/types\/product"}],"replies":[{"embeddable":true,"href":"https:\/\/hannahinternationalschool.com\/en\/wp-json\/wp\/v2\/comments?post=3177"}],"wp:featuredmedia":[{"embeddable":true,"href":"https:\/\/hannahinternationalschool.com\/en\/wp-json\/wp\/v2\/media\/3178"}],"wp:attachment":[{"href":"https:\/\/hannahinternationalschool.com\/en\/wp-json\/wp\/v2\/media?parent=3177"}],"wp:term":[{"taxonomy":"product_brand","embeddable":true,"href":"https:\/\/hannahinternationalschool.com\/en\/wp-json\/wp\/v2\/product_brand?post=3177"},{"taxonomy":"product_cat","embeddable":true,"href":"https:\/\/hannahinternationalschool.com\/en\/wp-json\/wp\/v2\/product_cat?post=3177"},{"taxonomy":"product_tag","embeddable":true,"href":"https:\/\/hannahinternationalschool.com\/en\/wp-json\/wp\/v2\/product_tag?post=3177"}],"curies":[{"name":"wp","href":"https:\/\/api.w.org\/{rel}","templated":true}]}}