{"id":4642,"date":"2024-06-26T07:28:55","date_gmt":"2024-06-26T07:28:55","guid":{"rendered":"http:\/\/hannahinternationalschool.com\/?post_type=product&#038;p=4642"},"modified":"2024-06-26T09:42:11","modified_gmt":"2024-06-26T09:42:11","slug":"registro-numerico","status":"publish","type":"product","link":"https:\/\/hannahinternationalschool.com\/en\/registro-numerico\/","title":{"rendered":"Registro Num\u00e9rico"},"content":{"rendered":"<p style=\"text-align: center;\">Este cuaderno est\u00e1 pensado para registrar el proceso de aprendizaje de los n\u00fameros, conteo, operaciones&#8230;,tanto de reconocimiento como de escritura. Podr\u00e1s recoger con fechas y actividades c\u00f3mo y cu\u00e1ndo aprende tu peque la numeraci\u00f3n. Apto para todas las opciones educativas.<\/p>","protected":false},"excerpt":{"rendered":"<p>Este cuaderno est\u00e1 pensado para registrar el proceso de aprendizaje de los n\u00fameros, conteo, operaciones&#8230;,tanto de reconocimiento como de escritura. Podr\u00e1s recoger con fechas y actividades c\u00f3mo y cu\u00e1ndo aprende tu peque la numeraci\u00f3n. Apto para todas las opciones educativas.<\/p>","protected":false},"featured_media":4660,"comment_status":"open","ping_status":"closed","template":"","meta":[],"product_brand":[],"product_cat":[88],"product_tag":[],"class_list":{"0":"post-4642","1":"product","2":"type-product","3":"status-publish","4":"has-post-thumbnail","6":"product_cat-cuadernos","8":"first","9":"instock","10":"shipping-taxable","11":"product-type-external"},"_links":{"self":[{"href":"https:\/\/hannahinternationalschool.com\/en\/wp-json\/wp\/v2\/product\/4642","targetHints":{"allow":["GET"]}}],"collection":[{"href":"https:\/\/hannahinternationalschool.com\/en\/wp-json\/wp\/v2\/product"}],"about":[{"href":"https:\/\/hannahinternationalschool.com\/en\/wp-json\/wp\/v2\/types\/product"}],"replies":[{"embeddable":true,"href":"https:\/\/hannahinternationalschool.com\/en\/wp-json\/wp\/v2\/comments?post=4642"}],"wp:featuredmedia":[{"embeddable":true,"href":"https:\/\/hannahinternationalschool.com\/en\/wp-json\/wp\/v2\/media\/4660"}],"wp:attachment":[{"href":"https:\/\/hannahinternationalschool.com\/en\/wp-json\/wp\/v2\/media?parent=4642"}],"wp:term":[{"taxonomy":"product_brand","embeddable":true,"href":"https:\/\/hannahinternationalschool.com\/en\/wp-json\/wp\/v2\/product_brand?post=4642"},{"taxonomy":"product_cat","embeddable":true,"href":"https:\/\/hannahinternationalschool.com\/en\/wp-json\/wp\/v2\/product_cat?post=4642"},{"taxonomy":"product_tag","embeddable":true,"href":"https:\/\/hannahinternationalschool.com\/en\/wp-json\/wp\/v2\/product_tag?post=4642"}],"curies":[{"name":"wp","href":"https:\/\/api.w.org\/{rel}","templated":true}]}}