{"id":4748,"date":"2024-09-23T14:37:51","date_gmt":"2024-09-23T14:37:51","guid":{"rendered":"http:\/\/hannahinternationalschool.com\/?post_type=product&#038;p=4748"},"modified":"2025-03-21T17:43:54","modified_gmt":"2025-03-21T17:43:54","slug":"p-ci-juego-de-tarjetas-de-clasificacion-animal-por-su-alimentacion","status":"publish","type":"product","link":"https:\/\/hannahinternationalschool.com\/en\/p-ci-juego-de-tarjetas-de-clasificacion-animal-por-su-alimentacion\/","title":{"rendered":"P- CI &#8211; Juego de tarjetas de clasificaci\u00f3n animal por su alimentaci\u00f3n"},"content":{"rendered":"<p style=\"text-align: center;\">Juego de tarjetas y planchas para clasificar animales por su tipo de alimentaci\u00f3n. Con c\u00f3digo de colores y control de error tipo Montessori. Recomendado a partir de 6 a\u00f1os.<\/p>","protected":false},"excerpt":{"rendered":"<p>Juego de tarjetas y planchas para clasificar animales por su tipo de alimentaci\u00f3n. Con c\u00f3digo de colores y control de error tipo Montessori. Recomendado a partir de 6 a\u00f1os.<\/p>","protected":false},"featured_media":4751,"comment_status":"open","ping_status":"closed","template":"","meta":[],"product_brand":[],"product_cat":[34],"product_tag":[],"class_list":{"0":"post-4748","1":"product","2":"type-product","3":"status-publish","4":"has-post-thumbnail","6":"product_cat-descargables","8":"first","9":"instock","10":"shipping-taxable","11":"product-type-external"},"_links":{"self":[{"href":"https:\/\/hannahinternationalschool.com\/en\/wp-json\/wp\/v2\/product\/4748","targetHints":{"allow":["GET"]}}],"collection":[{"href":"https:\/\/hannahinternationalschool.com\/en\/wp-json\/wp\/v2\/product"}],"about":[{"href":"https:\/\/hannahinternationalschool.com\/en\/wp-json\/wp\/v2\/types\/product"}],"replies":[{"embeddable":true,"href":"https:\/\/hannahinternationalschool.com\/en\/wp-json\/wp\/v2\/comments?post=4748"}],"wp:featuredmedia":[{"embeddable":true,"href":"https:\/\/hannahinternationalschool.com\/en\/wp-json\/wp\/v2\/media\/4751"}],"wp:attachment":[{"href":"https:\/\/hannahinternationalschool.com\/en\/wp-json\/wp\/v2\/media?parent=4748"}],"wp:term":[{"taxonomy":"product_brand","embeddable":true,"href":"https:\/\/hannahinternationalschool.com\/en\/wp-json\/wp\/v2\/product_brand?post=4748"},{"taxonomy":"product_cat","embeddable":true,"href":"https:\/\/hannahinternationalschool.com\/en\/wp-json\/wp\/v2\/product_cat?post=4748"},{"taxonomy":"product_tag","embeddable":true,"href":"https:\/\/hannahinternationalschool.com\/en\/wp-json\/wp\/v2\/product_tag?post=4748"}],"curies":[{"name":"wp","href":"https:\/\/api.w.org\/{rel}","templated":true}]}}